{"id":449,"date":"2023-10-01T07:52:36","date_gmt":"2023-10-01T06:52:36","guid":{"rendered":"http:\/\/eclipseofthesun.hu\/?page_id=449"},"modified":"2025-11-26T15:37:06","modified_gmt":"2025-11-26T14:37:06","slug":"zene","status":"publish","type":"page","link":"https:\/\/eclipseofthesun.hu\/en\/zene\/","title":{"rendered":"Zene"},"content":{"rendered":"<div id=\"pl-gb449-69e1b4e2d7135\"  class=\"panel-layout wp-block-siteorigin-panels-layout-block\" ><div id=\"pg-gb449-69e1b4e2d7135-0\"  class=\"panel-grid panel-has-style\" ><div class=\"aos-init panel-row-style panel-row-style-for-gb449-69e1b4e2d7135-0\" data-aos=\"fade-up\" data-aos-duration=\"600\" data-aos-easing=\"linear\" data-aos-anchor-placement=\"top-bottom\" data-aos-once=\"true\" ><div id=\"pgc-gb449-69e1b4e2d7135-0-0\"  class=\"panel-grid-cell\" ><div id=\"panel-gb449-69e1b4e2d7135-0-0-0\" class=\"so-panel widget widget_sow-editor panel-first-child panel-last-child\" data-index=\"0\" ><div\n\t\t\t\n\t\t\tclass=\"so-widget-sow-editor so-widget-sow-editor-base\"\n\t\t\t\n\t\t>\n<div class=\"siteorigin-widget-tinymce textwidget\">\n\t<h2 style=\"text-align: center;\">ALBUMS<\/h2>\n<\/div>\n<\/div><\/div><\/div><\/div><\/div><div id=\"pg-gb449-69e1b4e2d7135-1\"  class=\"panel-grid panel-has-style\" ><div class=\"aos-init panel-row-style panel-row-style-for-gb449-69e1b4e2d7135-1\" data-aos=\"fade-up\" data-aos-duration=\"600\" data-aos-easing=\"linear\" data-aos-anchor-placement=\"top-bottom\" data-aos-once=\"true\" ><div id=\"pgc-gb449-69e1b4e2d7135-1-0\"  class=\"panel-grid-cell\" ><div id=\"panel-gb449-69e1b4e2d7135-1-0-0\" class=\"so-panel widget widget_sow-image panel-first-child panel-last-child\" data-index=\"1\" ><div\n\t\t\t\n\t\t\tclass=\"so-widget-sow-image so-widget-sow-image-default-dbf295114b96-449\"\n\t\t\t\n\t\t>\n<div class=\"sow-image-container\">\n\t\t<img \n\tsrc=\"https:\/\/eclipseofthesun.hu\/wp-content\/uploads\/2023\/10\/bnw_cover_bandcamp.jpg\" width=\"700\" height=\"700\" srcset=\"https:\/\/eclipseofthesun.hu\/wp-content\/uploads\/2023\/10\/bnw_cover_bandcamp.jpg 700w, https:\/\/eclipseofthesun.hu\/wp-content\/uploads\/2023\/10\/bnw_cover_bandcamp-300x300.jpg 300w, https:\/\/eclipseofthesun.hu\/wp-content\/uploads\/2023\/10\/bnw_cover_bandcamp-150x150.jpg 150w\" sizes=\"(max-width: 700px) 100vw, 700px\" title=\"Eclipse of the Sun Brave Never World 2020 Album\" alt=\"Eclipse of the Sun Brave Never World 2020 Album\" \t\tclass=\"so-widget-image\"\/>\n\t<\/div>\n\n<\/div><\/div><\/div><div id=\"pgc-gb449-69e1b4e2d7135-1-1\"  class=\"panel-grid-cell\" ><div id=\"panel-gb449-69e1b4e2d7135-1-1-0\" class=\"so-panel widget widget_sow-editor panel-first-child\" data-index=\"2\" ><div\n\t\t\t\n\t\t\tclass=\"so-widget-sow-editor so-widget-sow-editor-base\"\n\t\t\t\n\t\t>\n<div class=\"siteorigin-widget-tinymce textwidget\">\n\t<h3>BRAVE NEVER WORLD<\/h3>\n<p>Label: Sathanath Records \u00e9s More Hate Prod.<br \/>\nReleased in 2020<\/p>\n<h4>SONGS:<\/h4>\n<p>01 Pillars of creation<br \/>\n02 Things called life<br \/>\n03 Brave never world<br \/>\n04 Not a symbol<br \/>\n05 Home<br \/>\n06 World without words<br \/>\n07 Death of Pan<br \/>\n08 Era of Sun<\/p>\n<p>Cover by Laki 'durcka' Emese<\/p>\n<\/div>\n<\/div><\/div><div id=\"panel-gb449-69e1b4e2d7135-1-1-1\" class=\"so-panel widget widget_sow-button\" data-index=\"3\" ><div\n\t\t\t\n\t\t\tclass=\"so-widget-sow-button so-widget-sow-button-atom-872d91bdda81-449\"\n\t\t\t\n\t\t><div class=\"ow-button-base ow-button-align-left\"\n>\n\t\t\t<a\n\t\t\t\t\thref=\"https:\/\/eclipseofthesun.bandcamp.com\/album\/brave-never-world\"\n\t\t\t\t\tclass=\"sowb-button ow-icon-placement-left ow-button-hover\" target=\"_blank\" rel=\"noopener noreferrer\" \t>\n\t\t<span>\n\t\t\t\n\t\t\tDOWNLOAD\t\t<\/span>\n\t\t\t<\/a>\n\t<\/div>\n<\/div><\/div><div id=\"panel-gb449-69e1b4e2d7135-1-1-2\" class=\"widget_text so-panel widget widget_custom_html panel-last-child\" data-index=\"4\" ><div class=\"textwidget custom-html-widget\"><iframe style=\"border-radius:12px\" src=\"https:\/\/open.spotify.com\/embed\/album\/3o8IHgyT7CSoXpA1pX4Nt0?utm_source=generator&#038;theme=0\" width=\"100%\" height=\"152\" frameborder=\"0\" allowfullscreen=\"\" allow=\"autoplay; clipboard-write; encrypted-media; fullscreen; picture-in-picture\" loading=\"lazy\"><\/iframe><\/div><\/div><\/div><\/div><\/div><div id=\"pg-gb449-69e1b4e2d7135-2\"  class=\"panel-grid panel-has-style\" ><div class=\"aos-init panel-row-style panel-row-style-for-gb449-69e1b4e2d7135-2\" data-aos=\"fade-up\" data-aos-duration=\"600\" data-aos-easing=\"linear\" data-aos-anchor-placement=\"top-bottom\" data-aos-once=\"true\" ><div id=\"pgc-gb449-69e1b4e2d7135-2-0\"  class=\"panel-grid-cell panel-grid-cell-empty\" ><\/div><\/div><\/div><div id=\"pg-gb449-69e1b4e2d7135-3\"  class=\"panel-grid panel-has-style\" ><div class=\"aos-init panel-row-style panel-row-style-for-gb449-69e1b4e2d7135-3\" data-aos=\"fade-up\" data-aos-duration=\"600\" data-aos-easing=\"linear\" data-aos-anchor-placement=\"top-bottom\" data-aos-once=\"true\" ><div id=\"pgc-gb449-69e1b4e2d7135-3-0\"  class=\"panel-grid-cell\" ><div id=\"panel-gb449-69e1b4e2d7135-3-0-0\" class=\"so-panel widget widget_sow-image panel-first-child panel-last-child\" data-index=\"5\" ><div\n\t\t\t\n\t\t\tclass=\"so-widget-sow-image so-widget-sow-image-default-dbf295114b96-449\"\n\t\t\t\n\t\t>\n<div class=\"sow-image-container\">\n\t\t<img \n\tsrc=\"https:\/\/eclipseofthesun.hu\/wp-content\/uploads\/2019\/07\/daimonion_cover.jpg\" width=\"1000\" height=\"899\" srcset=\"https:\/\/eclipseofthesun.hu\/wp-content\/uploads\/2019\/07\/daimonion_cover.jpg 1000w, https:\/\/eclipseofthesun.hu\/wp-content\/uploads\/2019\/07\/daimonion_cover-300x270.jpg 300w, https:\/\/eclipseofthesun.hu\/wp-content\/uploads\/2019\/07\/daimonion_cover-768x690.jpg 768w\" sizes=\"(max-width: 1000px) 100vw, 1000px\" title=\"Eclipse of the Sun Daimonion 2015 Album\" alt=\"Eclipse of the Sun Daimonion 2015 Album\" \t\tclass=\"so-widget-image\"\/>\n\t<\/div>\n\n<\/div><\/div><\/div><div id=\"pgc-gb449-69e1b4e2d7135-3-1\"  class=\"panel-grid-cell\" ><div id=\"panel-gb449-69e1b4e2d7135-3-1-0\" class=\"so-panel widget widget_sow-editor panel-first-child\" data-index=\"6\" ><div\n\t\t\t\n\t\t\tclass=\"so-widget-sow-editor so-widget-sow-editor-base\"\n\t\t\t\n\t\t>\n<div class=\"siteorigin-widget-tinymce textwidget\">\n\t<h3>DAIMONION<\/h3>\n<p>Label: self-released<br \/>\nReleased in 2015<\/p>\n<h4>SONGS:<\/h4>\n<p>01 Ecce homo<br \/>\n02 Between the ruins<br \/>\n03 Blinding darkness<br \/>\n04 Requiem for the living (The song of Dan Ibiru)<br \/>\n05 Hollow<br \/>\n06 Memory Breed (The dark ride)<br \/>\n07 Daimonion<br \/>\n08 The purge<br \/>\n09 Sprachlos und kalt<br \/>\n10 Tryptichon (01 Now, 02 Never, 03 Never)<\/p>\n<p>Cover by Laki 'durcka' Emese<\/p>\n<\/div>\n<\/div><\/div><div id=\"panel-gb449-69e1b4e2d7135-3-1-1\" class=\"so-panel widget widget_sow-button\" data-index=\"7\" ><div\n\t\t\t\n\t\t\tclass=\"so-widget-sow-button so-widget-sow-button-atom-872d91bdda81-449\"\n\t\t\t\n\t\t><div class=\"ow-button-base ow-button-align-left\"\n>\n\t\t\t<a\n\t\t\t\t\thref=\"https:\/\/eclipseofthesun.bandcamp.com\/album\/daimonion\"\n\t\t\t\t\tclass=\"sowb-button ow-icon-placement-left ow-button-hover\" target=\"_blank\" rel=\"noopener noreferrer\" \t>\n\t\t<span>\n\t\t\t\n\t\t\tDOWNLOAD\t\t<\/span>\n\t\t\t<\/a>\n\t<\/div>\n<\/div><\/div><div id=\"panel-gb449-69e1b4e2d7135-3-1-2\" class=\"widget_text so-panel widget widget_custom_html panel-last-child\" data-index=\"8\" ><div class=\"textwidget custom-html-widget\"><iframe style=\"border-radius:12px\" src=\"https:\/\/open.spotify.com\/embed\/album\/19ejNq1KGXM94l0pZij8fa?utm_source=generator\" width=\"100%\" height=\"152\" frameborder=\"0\" allowfullscreen=\"\" allow=\"autoplay; clipboard-write; encrypted-media; fullscreen; picture-in-picture\" loading=\"lazy\"><\/iframe><\/div><\/div><\/div><\/div><\/div><\/div>\n\n<div id=\"pl-gb449-69e1b4e2d9199\"  class=\"panel-layout wp-block-siteorigin-panels-layout-block\" ><div id=\"pg-gb449-69e1b4e2d9199-0\"  class=\"panel-grid panel-has-style\" ><div class=\"aos-init panel-row-style panel-row-style-for-gb449-69e1b4e2d9199-0\" data-aos=\"fade-up\" data-aos-duration=\"600\" data-aos-easing=\"linear\" data-aos-anchor-placement=\"top-bottom\" data-aos-once=\"true\" ><div id=\"pgc-gb449-69e1b4e2d9199-0-0\"  class=\"panel-grid-cell\" ><div id=\"panel-gb449-69e1b4e2d9199-0-0-0\" class=\"so-panel widget widget_sow-editor panel-first-child panel-last-child\" data-index=\"0\" ><div class=\"panel-widget-style panel-widget-style-for-gb449-69e1b4e2d9199-0-0-0\" ><div\n\t\t\t\n\t\t\tclass=\"so-widget-sow-editor so-widget-sow-editor-base\"\n\t\t\t\n\t\t>\n<div class=\"siteorigin-widget-tinymce textwidget\">\n\t<h2 style=\"text-align: center;\">OTHER RELEASES<\/h2>\n<\/div>\n<\/div><\/div><\/div><\/div><\/div><\/div><\/div>\n\n\n<figure class=\"wp-block-embed is-type-video is-provider-youtube wp-block-embed-youtube wp-embed-aspect-16-9 wp-has-aspect-ratio\"><div class=\"wp-block-embed__wrapper\">\n<iframe loading=\"lazy\" title=\"Eclipse of the Sun - Whom the Gods (EP) #doommetal #gothicmetal #deathmetalpromotion\" width=\"1200\" height=\"675\" src=\"https:\/\/www.youtube.com\/embed\/w3e1ylELgtU?feature=oembed\" frameborder=\"0\" allow=\"accelerometer; autoplay; clipboard-write; encrypted-media; gyroscope; picture-in-picture; web-share\" referrerpolicy=\"strict-origin-when-cross-origin\" allowfullscreen><\/iframe>\n<\/div><\/figure>\n\n\n\n<div style=\"height:100px\" aria-hidden=\"true\" class=\"wp-block-spacer\"><\/div>\n\n\n<div id=\"pl-gb449-69e1b4e2d9975\"  class=\"panel-layout wp-block-siteorigin-panels-layout-block\" ><div id=\"pg-gb449-69e1b4e2d9975-0\"  class=\"panel-grid panel-has-style\" ><div class=\"aos-init panel-row-style panel-row-style-for-gb449-69e1b4e2d9975-0\" data-aos=\"fade\" data-aos-duration=\"600\" data-aos-easing=\"linear\" data-aos-anchor-placement=\"top-bottom\" data-aos-once=\"true\" ><div id=\"pgc-gb449-69e1b4e2d9975-0-0\"  class=\"panel-grid-cell\" ><div class=\"panel-cell-style panel-cell-style-for-gb449-69e1b4e2d9975-0-0\" ><div id=\"panel-gb449-69e1b4e2d9975-0-0-0\" class=\"so-panel widget widget_sow-image panel-first-child\" data-index=\"0\" ><div\n\t\t\t\n\t\t\tclass=\"so-widget-sow-image so-widget-sow-image-default-8b5b6f678277-449\"\n\t\t\t\n\t\t>\n<div class=\"sow-image-container\">\n\t\t<img \n\tsrc=\"https:\/\/eclipseofthesun.hu\/wp-content\/uploads\/2019\/07\/cod.jpg\" width=\"1000\" height=\"1000\" srcset=\"https:\/\/eclipseofthesun.hu\/wp-content\/uploads\/2019\/07\/cod.jpg 1000w, https:\/\/eclipseofthesun.hu\/wp-content\/uploads\/2019\/07\/cod-150x150.jpg 150w, https:\/\/eclipseofthesun.hu\/wp-content\/uploads\/2019\/07\/cod-300x300.jpg 300w, https:\/\/eclipseofthesun.hu\/wp-content\/uploads\/2019\/07\/cod-768x768.jpg 768w, https:\/\/eclipseofthesun.hu\/wp-content\/uploads\/2019\/07\/cod-100x100.jpg 100w\" sizes=\"(max-width: 1000px) 100vw, 1000px\" title=\"Cathedrals of Doom compilation\" alt=\"Cathedrals of Doom compilation\" \t\tclass=\"so-widget-image\"\/>\n\t<\/div>\n\n<\/div><\/div><div id=\"panel-gb449-69e1b4e2d9975-0-0-1\" class=\"so-panel widget widget_sow-editor\" data-index=\"1\" ><div class=\"panel-widget-style panel-widget-style-for-gb449-69e1b4e2d9975-0-0-1\" ><div\n\t\t\t\n\t\t\tclass=\"so-widget-sow-editor so-widget-sow-editor-base\"\n\t\t\t\n\t\t>\n<div class=\"siteorigin-widget-tinymce textwidget\">\n\t<h3 style=\"text-align: center;\">CATHEDRALS OF DOOM<\/h3>\n<p style=\"text-align: center;\">Doom metal compilation<br \/>\nReleased in 2013<\/p>\n<\/div>\n<\/div><\/div><\/div><div id=\"panel-gb449-69e1b4e2d9975-0-0-2\" class=\"so-panel widget widget_lsow-icon-list panel-last-child\" data-index=\"2\" ><div class=\"panel-widget-style panel-widget-style-for-gb449-69e1b4e2d9975-0-0-2\" ><div\n\t\t\t\n\t\t\tclass=\"so-widget-lsow-icon-list so-widget-lsow-icon-list-default-f2e65f482672-449\"\n\t\t\t\n\t\t>\n<div class=\"lsow-icon-list lsow-aligncenter\"><div class=\"lsow-icon-list-item\"  title=\"\"><a class=\"lsow-icon-wrapper\" href=\"https:\/\/www.facebook.com\/cathedralsofdoom\" target=\"_blank\"><span class=\"sow-icon-typicons\" data-sow-icon=\"&#xe0e5;\"\n\t\t \n\t\taria-hidden=\"true\"><\/span><\/a><\/div><!-- .lsow-icon-list-item --><div class=\"lsow-icon-list-item\"  title=\"\"><a class=\"lsow-icon-wrapper\" href=\"https:\/\/www.youtube.com\/watch?v=3IV7upl-jrA\" target=\"_blank\"><span class=\"sow-icon-typicons\" data-sow-icon=\"&#xe0fc;\"\n\t\t \n\t\taria-hidden=\"true\"><\/span><\/a><\/div><!-- .lsow-icon-list-item --><\/div><!-- .lsow-icon-list --><\/div><\/div><\/div><\/div><\/div><div id=\"pgc-gb449-69e1b4e2d9975-0-1\"  class=\"panel-grid-cell\" ><div class=\"panel-cell-style panel-cell-style-for-gb449-69e1b4e2d9975-0-1\" ><div id=\"panel-gb449-69e1b4e2d9975-0-1-0\" class=\"so-panel widget widget_sow-image panel-first-child\" data-index=\"3\" ><div\n\t\t\t\n\t\t\tclass=\"so-widget-sow-image so-widget-sow-image-default-8b5b6f678277-449\"\n\t\t\t\n\t\t>\n<div class=\"sow-image-container\">\n\t\t<img \n\tsrc=\"https:\/\/eclipseofthesun.hu\/wp-content\/uploads\/2019\/07\/symbols.jpg\" width=\"1000\" height=\"1000\" srcset=\"https:\/\/eclipseofthesun.hu\/wp-content\/uploads\/2019\/07\/symbols.jpg 1000w, https:\/\/eclipseofthesun.hu\/wp-content\/uploads\/2019\/07\/symbols-150x150.jpg 150w, https:\/\/eclipseofthesun.hu\/wp-content\/uploads\/2019\/07\/symbols-300x300.jpg 300w, https:\/\/eclipseofthesun.hu\/wp-content\/uploads\/2019\/07\/symbols-768x768.jpg 768w, https:\/\/eclipseofthesun.hu\/wp-content\/uploads\/2019\/07\/symbols-100x100.jpg 100w\" sizes=\"(max-width: 1000px) 100vw, 1000px\" title=\"Eclipse of the Sun Symbols EP 2012\" alt=\"Eclipse of the Sun Symbols EP 2012\" \t\tclass=\"so-widget-image\"\/>\n\t<\/div>\n\n<\/div><\/div><div id=\"panel-gb449-69e1b4e2d9975-0-1-1\" class=\"so-panel widget widget_sow-editor\" data-index=\"4\" ><div class=\"panel-widget-style panel-widget-style-for-gb449-69e1b4e2d9975-0-1-1\" ><div\n\t\t\t\n\t\t\tclass=\"so-widget-sow-editor so-widget-sow-editor-base\"\n\t\t\t\n\t\t>\n<div class=\"siteorigin-widget-tinymce textwidget\">\n\t<h3 style=\"text-align: center;\">SYMBOLS<\/h3>\n<p style=\"text-align: center;\">EP<br \/>\nReleased in 2012<\/p>\n<\/div>\n<\/div><\/div><\/div><div id=\"panel-gb449-69e1b4e2d9975-0-1-2\" class=\"so-panel widget widget_lsow-icon-list panel-last-child\" data-index=\"5\" ><div class=\"panel-widget-style panel-widget-style-for-gb449-69e1b4e2d9975-0-1-2\" ><div\n\t\t\t\n\t\t\tclass=\"so-widget-lsow-icon-list so-widget-lsow-icon-list-default-f2e65f482672-449\"\n\t\t\t\n\t\t>\n<div class=\"lsow-icon-list lsow-aligncenter\"><div class=\"lsow-icon-list-item\"  title=\"\"><a class=\"lsow-icon-wrapper\" href=\"https:\/\/www.youtube.com\/watch?v=XJHOBdJKLro&#038;list=PLzVDb_2sIl6nUm2o3wPNSZh8GlUYhsl1O\" target=\"_blank\"><span class=\"sow-icon-typicons\" data-sow-icon=\"&#xe0fc;\"\n\t\t \n\t\taria-hidden=\"true\"><\/span><\/a><\/div><!-- .lsow-icon-list-item --><\/div><!-- .lsow-icon-list --><\/div><\/div><\/div><\/div><\/div><div id=\"pgc-gb449-69e1b4e2d9975-0-2\"  class=\"panel-grid-cell\" ><div class=\"panel-cell-style panel-cell-style-for-gb449-69e1b4e2d9975-0-2\" ><div id=\"panel-gb449-69e1b4e2d9975-0-2-0\" class=\"so-panel widget widget_sow-image panel-first-child\" data-index=\"6\" ><div\n\t\t\t\n\t\t\tclass=\"so-widget-sow-image so-widget-sow-image-default-8b5b6f678277-449\"\n\t\t\t\n\t\t>\n<div class=\"sow-image-container\">\n\t\t<img \n\tsrc=\"https:\/\/eclipseofthesun.hu\/wp-content\/uploads\/2019\/07\/demo.jpg\" width=\"1000\" height=\"1000\" srcset=\"https:\/\/eclipseofthesun.hu\/wp-content\/uploads\/2019\/07\/demo.jpg 1000w, https:\/\/eclipseofthesun.hu\/wp-content\/uploads\/2019\/07\/demo-150x150.jpg 150w, https:\/\/eclipseofthesun.hu\/wp-content\/uploads\/2019\/07\/demo-300x300.jpg 300w, https:\/\/eclipseofthesun.hu\/wp-content\/uploads\/2019\/07\/demo-768x768.jpg 768w, https:\/\/eclipseofthesun.hu\/wp-content\/uploads\/2019\/07\/demo-100x100.jpg 100w\" sizes=\"(max-width: 1000px) 100vw, 1000px\" title=\"Eclipse of the Sun Self-titled Demo 2011\" alt=\"Eclipse of the Sun Self-titled Demo 2011\" \t\tclass=\"so-widget-image\"\/>\n\t<\/div>\n\n<\/div><\/div><div id=\"panel-gb449-69e1b4e2d9975-0-2-1\" class=\"so-panel widget widget_sow-editor\" data-index=\"7\" ><div class=\"panel-widget-style panel-widget-style-for-gb449-69e1b4e2d9975-0-2-1\" ><div\n\t\t\t\n\t\t\tclass=\"so-widget-sow-editor so-widget-sow-editor-base\"\n\t\t\t\n\t\t>\n<div class=\"siteorigin-widget-tinymce textwidget\">\n\t<h3 style=\"text-align: center;\">ECLIPSE OF THE SUN<\/h3>\n<p style=\"text-align: center;\">Demo<br \/>\nReleased in 2011<\/p>\n<\/div>\n<\/div><\/div><\/div><div id=\"panel-gb449-69e1b4e2d9975-0-2-2\" class=\"so-panel widget widget_lsow-icon-list panel-last-child\" data-index=\"8\" ><div class=\"panel-widget-style panel-widget-style-for-gb449-69e1b4e2d9975-0-2-2\" ><div\n\t\t\t\n\t\t\tclass=\"so-widget-lsow-icon-list so-widget-lsow-icon-list-default-f2e65f482672-449\"\n\t\t\t\n\t\t>\n<div class=\"lsow-icon-list lsow-aligncenter\"><div class=\"lsow-icon-list-item\"  title=\"\"><a class=\"lsow-icon-wrapper\" href=\"https:\/\/www.youtube.com\/watch?v=4XVk-EhBoNY&#038;list=PLzVDb_2sIl6lFgDkRjezJ_FdxTOvDFPKV\" target=\"_blank\"><span class=\"sow-icon-typicons\" data-sow-icon=\"&#xe0fc;\"\n\t\t \n\t\taria-hidden=\"true\"><\/span><\/a><\/div><!-- .lsow-icon-list-item --><\/div><!-- .lsow-icon-list --><\/div><\/div><\/div><\/div><\/div><\/div><\/div><\/div>","protected":false},"excerpt":{"rendered":"<p>ALBUMOK BRAVE NEVER WORLD Kiad\u00f3: Sathanath Records \u00e9s More Hate Prod. Megjelen\u00e9s \u00e9ve: 2020 DALLISTA: 01 Pillars of creation 02 Things called life 03 Brave never world 04 Not a symbol 05 Home 06 World without words 07 Death of Pan 08 Era of Sun Bor\u00edt\u00f3: Laki &#8216;durcka&#8217; Emese<\/p>","protected":false},"author":1,"featured_media":0,"parent":0,"menu_order":0,"comment_status":"closed","ping_status":"closed","template":"","meta":{"footnotes":""},"class_list":["post-449","page","type-page","status-publish"],"yoast_head":"<!-- This site is optimized with the Yoast SEO plugin v26.4 - https:\/\/yoast.com\/wordpress\/plugins\/seo\/ -->\n<title>Zene - Eclipse of the Sun<\/title>\n<meta name=\"robots\" content=\"index, follow, max-snippet:-1, max-image-preview:large, max-video-preview:-1\" \/>\n<link rel=\"canonical\" href=\"https:\/\/eclipseofthesun.hu\/en\/zene\/\" \/>\n<meta property=\"og:locale\" content=\"en_US\" \/>\n<meta property=\"og:type\" content=\"article\" \/>\n<meta property=\"og:title\" content=\"Zene - Eclipse of the Sun\" \/>\n<meta property=\"og:description\" content=\"ALBUMOK BRAVE NEVER WORLD Kiad\u00f3: Sathanath Records \u00e9s More Hate Prod. Megjelen\u00e9s \u00e9ve: 2020 DALLISTA: 01 Pillars of creation 02 Things called life 03 Brave never world 04 Not a symbol 05 Home 06 World without words 07 Death of Pan 08 Era of Sun Bor\u00edt\u00f3: Laki &#039;durcka&#039; Emese\" \/>\n<meta property=\"og:url\" content=\"https:\/\/eclipseofthesun.hu\/en\/zene\/\" \/>\n<meta property=\"og:site_name\" content=\"Eclipse of the Sun\" \/>\n<meta property=\"article:publisher\" content=\"https:\/\/www.facebook.com\/eclipseofthesunband\" \/>\n<meta property=\"article:modified_time\" content=\"2025-11-26T14:37:06+00:00\" \/>\n<meta name=\"twitter:card\" content=\"summary_large_image\" \/>\n<meta name=\"twitter:label1\" content=\"Est. reading time\" \/>\n\t<meta name=\"twitter:data1\" content=\"6 minutes\" \/>\n<script type=\"application\/ld+json\" class=\"yoast-schema-graph\">{\"@context\":\"https:\/\/schema.org\",\"@graph\":[{\"@type\":\"WebPage\",\"@id\":\"https:\/\/eclipseofthesun.hu\/zene\/\",\"url\":\"https:\/\/eclipseofthesun.hu\/zene\/\",\"name\":\"Zene - Eclipse of the Sun\",\"isPartOf\":{\"@id\":\"https:\/\/eclipseofthesun.hu\/#website\"},\"datePublished\":\"2023-10-01T06:52:36+00:00\",\"dateModified\":\"2025-11-26T14:37:06+00:00\",\"breadcrumb\":{\"@id\":\"https:\/\/eclipseofthesun.hu\/zene\/#breadcrumb\"},\"inLanguage\":\"en-US\",\"potentialAction\":[{\"@type\":\"ReadAction\",\"target\":[\"https:\/\/eclipseofthesun.hu\/zene\/\"]}]},{\"@type\":\"BreadcrumbList\",\"@id\":\"https:\/\/eclipseofthesun.hu\/zene\/#breadcrumb\",\"itemListElement\":[{\"@type\":\"ListItem\",\"position\":1,\"name\":\"Kezd\u0151lap\",\"item\":\"https:\/\/eclipseofthesun.hu\/\"},{\"@type\":\"ListItem\",\"position\":2,\"name\":\"Zene\"}]},{\"@type\":\"WebSite\",\"@id\":\"https:\/\/eclipseofthesun.hu\/#website\",\"url\":\"https:\/\/eclipseofthesun.hu\/\",\"name\":\"Eclipse of the Sun\",\"description\":\"Official homepage\",\"publisher\":{\"@id\":\"https:\/\/eclipseofthesun.hu\/#organization\"},\"potentialAction\":[{\"@type\":\"SearchAction\",\"target\":{\"@type\":\"EntryPoint\",\"urlTemplate\":\"https:\/\/eclipseofthesun.hu\/?s={search_term_string}\"},\"query-input\":{\"@type\":\"PropertyValueSpecification\",\"valueRequired\":true,\"valueName\":\"search_term_string\"}}],\"inLanguage\":\"en-US\"},{\"@type\":\"Organization\",\"@id\":\"https:\/\/eclipseofthesun.hu\/#organization\",\"name\":\"Eclipse of the Sun\",\"url\":\"https:\/\/eclipseofthesun.hu\/\",\"logo\":{\"@type\":\"ImageObject\",\"inLanguage\":\"en-US\",\"@id\":\"https:\/\/eclipseofthesun.hu\/#\/schema\/logo\/image\/\",\"url\":\"http:\/\/eclipseofthesun.hu\/wp-content\/uploads\/2020\/07\/Eclipse-of-the-Sun-LOGO-black-Gismonda-FG.png\",\"contentUrl\":\"http:\/\/eclipseofthesun.hu\/wp-content\/uploads\/2020\/07\/Eclipse-of-the-Sun-LOGO-black-Gismonda-FG.png\",\"width\":3508,\"height\":707,\"caption\":\"Eclipse of the Sun\"},\"image\":{\"@id\":\"https:\/\/eclipseofthesun.hu\/#\/schema\/logo\/image\/\"},\"sameAs\":[\"https:\/\/www.facebook.com\/eclipseofthesunband\",\"https:\/\/www.instagram.com\/eclipseofthesun_official\/\"]}]}<\/script>\n<!-- \/ Yoast SEO plugin. -->","yoast_head_json":{"title":"Zene - Eclipse of the Sun","robots":{"index":"index","follow":"follow","max-snippet":"max-snippet:-1","max-image-preview":"max-image-preview:large","max-video-preview":"max-video-preview:-1"},"canonical":"https:\/\/eclipseofthesun.hu\/en\/zene\/","og_locale":"en_US","og_type":"article","og_title":"Zene - Eclipse of the Sun","og_description":"ALBUMOK BRAVE NEVER WORLD Kiad\u00f3: Sathanath Records \u00e9s More Hate Prod. Megjelen\u00e9s \u00e9ve: 2020 DALLISTA: 01 Pillars of creation 02 Things called life 03 Brave never world 04 Not a symbol 05 Home 06 World without words 07 Death of Pan 08 Era of Sun Bor\u00edt\u00f3: Laki 'durcka' Emese","og_url":"https:\/\/eclipseofthesun.hu\/en\/zene\/","og_site_name":"Eclipse of the Sun","article_publisher":"https:\/\/www.facebook.com\/eclipseofthesunband","article_modified_time":"2025-11-26T14:37:06+00:00","twitter_card":"summary_large_image","twitter_misc":{"Est. reading time":"6 minutes"},"schema":{"@context":"https:\/\/schema.org","@graph":[{"@type":"WebPage","@id":"https:\/\/eclipseofthesun.hu\/zene\/","url":"https:\/\/eclipseofthesun.hu\/zene\/","name":"Zene - Eclipse of the Sun","isPartOf":{"@id":"https:\/\/eclipseofthesun.hu\/#website"},"datePublished":"2023-10-01T06:52:36+00:00","dateModified":"2025-11-26T14:37:06+00:00","breadcrumb":{"@id":"https:\/\/eclipseofthesun.hu\/zene\/#breadcrumb"},"inLanguage":"en-US","potentialAction":[{"@type":"ReadAction","target":["https:\/\/eclipseofthesun.hu\/zene\/"]}]},{"@type":"BreadcrumbList","@id":"https:\/\/eclipseofthesun.hu\/zene\/#breadcrumb","itemListElement":[{"@type":"ListItem","position":1,"name":"Kezd\u0151lap","item":"https:\/\/eclipseofthesun.hu\/"},{"@type":"ListItem","position":2,"name":"Zene"}]},{"@type":"WebSite","@id":"https:\/\/eclipseofthesun.hu\/#website","url":"https:\/\/eclipseofthesun.hu\/","name":"Eclipse of the Sun","description":"Official homepage","publisher":{"@id":"https:\/\/eclipseofthesun.hu\/#organization"},"potentialAction":[{"@type":"SearchAction","target":{"@type":"EntryPoint","urlTemplate":"https:\/\/eclipseofthesun.hu\/?s={search_term_string}"},"query-input":{"@type":"PropertyValueSpecification","valueRequired":true,"valueName":"search_term_string"}}],"inLanguage":"en-US"},{"@type":"Organization","@id":"https:\/\/eclipseofthesun.hu\/#organization","name":"Eclipse of the Sun","url":"https:\/\/eclipseofthesun.hu\/","logo":{"@type":"ImageObject","inLanguage":"en-US","@id":"https:\/\/eclipseofthesun.hu\/#\/schema\/logo\/image\/","url":"http:\/\/eclipseofthesun.hu\/wp-content\/uploads\/2020\/07\/Eclipse-of-the-Sun-LOGO-black-Gismonda-FG.png","contentUrl":"http:\/\/eclipseofthesun.hu\/wp-content\/uploads\/2020\/07\/Eclipse-of-the-Sun-LOGO-black-Gismonda-FG.png","width":3508,"height":707,"caption":"Eclipse of the Sun"},"image":{"@id":"https:\/\/eclipseofthesun.hu\/#\/schema\/logo\/image\/"},"sameAs":["https:\/\/www.facebook.com\/eclipseofthesunband","https:\/\/www.instagram.com\/eclipseofthesun_official\/"]}]}},"_links":{"self":[{"href":"https:\/\/eclipseofthesun.hu\/en\/wp-json\/wp\/v2\/pages\/449","targetHints":{"allow":["GET"]}}],"collection":[{"href":"https:\/\/eclipseofthesun.hu\/en\/wp-json\/wp\/v2\/pages"}],"about":[{"href":"https:\/\/eclipseofthesun.hu\/en\/wp-json\/wp\/v2\/types\/page"}],"author":[{"embeddable":true,"href":"https:\/\/eclipseofthesun.hu\/en\/wp-json\/wp\/v2\/users\/1"}],"replies":[{"embeddable":true,"href":"https:\/\/eclipseofthesun.hu\/en\/wp-json\/wp\/v2\/comments?post=449"}],"version-history":[{"count":64,"href":"https:\/\/eclipseofthesun.hu\/en\/wp-json\/wp\/v2\/pages\/449\/revisions"}],"predecessor-version":[{"id":1776,"href":"https:\/\/eclipseofthesun.hu\/en\/wp-json\/wp\/v2\/pages\/449\/revisions\/1776"}],"wp:attachment":[{"href":"https:\/\/eclipseofthesun.hu\/en\/wp-json\/wp\/v2\/media?parent=449"}],"curies":[{"name":"wp","href":"https:\/\/api.w.org\/{rel}","templated":true}]}}