{"id":653,"date":"2023-10-04T20:21:53","date_gmt":"2023-10-04T19:21:53","guid":{"rendered":"http:\/\/eclipseofthesun.hu\/?page_id=653"},"modified":"2023-10-30T15:43:34","modified_gmt":"2023-10-30T14:43:34","slug":"hirlevel","status":"publish","type":"page","link":"https:\/\/eclipseofthesun.hu\/hu_hu\/hirlevel\/","title":{"rendered":"H\u00edrlev\u00e9l"},"content":{"rendered":"\n<div class=\"wp-block-group\"><div class=\"wp-block-group__inner-container is-layout-constrained wp-block-group-is-layout-constrained\"><div id=\"pl-gb653-69e353731cc8c\"  class=\"panel-layout\" ><div id=\"pg-gb653-69e353731cc8c-0\"  class=\"panel-grid panel-no-style\" ><div id=\"pgc-gb653-69e353731cc8c-0-0\"  class=\"panel-grid-cell\" ><div id=\"panel-gb653-69e353731cc8c-0-0-0\" class=\"so-panel widget widget_sow-editor panel-first-child panel-last-child\" data-index=\"0\" ><div\n\t\t\t\n\t\t\tclass=\"so-widget-sow-editor so-widget-sow-editor-base\"\n\t\t\t\n\t\t>\n<div class=\"siteorigin-widget-tinymce textwidget\">\n\t<p><strong>Iratkozz fel h\u00edrlevel\u00fcnkre<\/strong>, hogy els\u0151k\u00e9nt tudjunk \u00e9rtes\u00edteni a zenekarral kapcsolatos legfontosabb h\u00edrekr\u0151l, \u00e9s hogy val\u00f3ban szem\u00e9lyes kapcsolat lehessen k\u00f6zted \u00e9s kedvenc magyar death doom metal band\u00e1d k\u00f6z\u00f6tt. \ud83d\ude42<\/p>\n<p>Nem kell f\u00e9lned, ha megadod az el\u00e9rhet\u0151s\u00e9gedet, nem fogjuk sz\u00e9tspamelni az e-mail fi\u00f3kod, viszont els\u0151k\u00e9nt, szem\u00e9lyesen t\u0151l\u00fcnk, a zenekar tagjait\u00f3l fogsz \u00e9rtes\u00edt\u00e9seket kapni olyan dolgokr\u00f3l, mint hogy mikor tudsz majd kedvezm\u00e9nyesen v\u00e1s\u00e1rolni a merch boltunkb\u00f3l, mikor friss\u00edtj\u00fck exkluz\u00edv tartalmakkal a honlapunkat, hol \u00e9s mikor tudsz minket \u00e9l\u0151ben is megn\u00e9zni stb.!<\/p>\n<\/div>\n<\/div><\/div><\/div><\/div><\/div>\n\n<script>(function() {\n\twindow.mc4wp = window.mc4wp || {\n\t\tlisteners: [],\n\t\tforms: {\n\t\t\ton: function(evt, cb) {\n\t\t\t\twindow.mc4wp.listeners.push(\n\t\t\t\t\t{\n\t\t\t\t\t\tevent   : evt,\n\t\t\t\t\t\tcallback: cb\n\t\t\t\t\t}\n\t\t\t\t);\n\t\t\t}\n\t\t}\n\t}\n})();\n<\/script><!-- Mailchimp for WordPress v4.10.8 - https:\/\/wordpress.org\/plugins\/mailchimp-for-wp\/ --><form id=\"mc4wp-form-1\" class=\"mc4wp-form mc4wp-form-652 mc4wp-form-theme mc4wp-form-theme-dark\" method=\"post\" data-id=\"652\" data-name=\"feliratkoz\u00e1s\" ><div class=\"mc4wp-form-fields\"><p>\r\n    <label>Add meg az e-mail c\u00edmed!<\/label>\r\n    <input type=\"email\" name=\"EMAIL\" placeholder=\"pelda@mail.com\"\r\n    required=\"\">\r\n<\/p>\r\n\r\n<p>\r\n    <label>\r\n        <input type=\"checkbox\" name=\"AGREE_TO_TERMS\" value=\"1\" required=\"\">Elolvastam \u00e9s elfogadom a felhaszn\u00e1l\u00e1si felt\u00e9teleket.*<\/label>\r\n<\/p>\r\n<p>\r\n    <input type=\"submit\" value=\"Feliratkozom!\">\r\n<\/p>\r\n<\/div><label style=\"display: none !important;\">Ha \u00d6n ember, hagyja \u00fcresen ezt a mez\u0151t: <input type=\"text\" name=\"_mc4wp_honeypot\" value=\"\" tabindex=\"-1\" autocomplete=\"off\" \/><\/label><input type=\"hidden\" name=\"_mc4wp_timestamp\" value=\"1776505715\" \/><input type=\"hidden\" name=\"_mc4wp_form_id\" value=\"652\" \/><input type=\"hidden\" name=\"_mc4wp_form_element_id\" value=\"mc4wp-form-1\" \/><div class=\"mc4wp-response\"><\/div><\/form><!-- \/ Mailchimp for WordPress Plugin -->\n\n<div id=\"pl-gb653-69e353731e7b1\"  class=\"panel-layout\" ><div id=\"pg-gb653-69e353731e7b1-0\"  class=\"panel-grid panel-no-style\" ><div id=\"pgc-gb653-69e353731e7b1-0-0\"  class=\"panel-grid-cell\" ><div id=\"panel-gb653-69e353731e7b1-0-0-0\" class=\"so-panel widget widget_sow-editor panel-first-child panel-last-child\" data-index=\"0\" ><div\n\t\t\t\n\t\t\tclass=\"so-widget-sow-editor so-widget-sow-editor-base\"\n\t\t\t\n\t\t>\n<div class=\"siteorigin-widget-tinymce textwidget\">\n\t<p>* A h\u00edrlevel\u00fcnkr\u0151l b\u00e1rmikor leiratkozhatsz, ha a levelekben megjelen\u0151 linkre kattintasz, vagy ha szem\u00e9lyesen nek\u00fcnk \u00edrsz, hogy t\u00f6r\u00f6lj\u00fcnk a feliratkoz\u00f3k k\u00f6z\u00fcl. E-mail c\u00edmed megad\u00e1s\u00e1val meghatalmazol minket mint term\u00e9szetes szem\u00e9lyeket, hogy az Eclipse of the Sun zenekarral \u00e9s tagjaival kapcsolatos, inform\u00e1ci\u00f3s \u00e9s marketing c\u00e9l\u00fa leveleket k\u00fcldj\u00fcnk neked. Mi v\u00e1llaljuk, hogy az \u00e1ltalad megadott adatokat semmilyen harmadik f\u00e9lnek tov\u00e1bb nem adjuk, \u00e9s bizalmasan kezelj\u00fck. A levelez\u0151list\u00e1hoz a MailChimp szolg\u00e1ltat\u00e1st haszn\u00e1ljuk, az e-mail c\u00edmed megad\u00e1s\u00e1val teh\u00e1t elfogadod azt, hogy mi automatikusan tov\u00e1bb\u00edtjuk sz\u00e1mukra az el\u00e9rhet\u0151s\u00e9gedet. Ha el szeretn\u00e9d olvasni az adatkezel\u00e9si szab\u00e1lyzatukat, akkor kattints az al\u00e1bbi linkre: <a href=\"https:\/\/www.intuit.com\/privacy\/statement\/\">https:\/\/www.intuit.com\/privacy\/statement\/<\/a><\/p>\n<\/div>\n<\/div><\/div><\/div><\/div><\/div><\/div><\/div>\n","protected":false},"excerpt":{"rendered":"","protected":false},"author":1,"featured_media":0,"parent":0,"menu_order":0,"comment_status":"closed","ping_status":"closed","template":"","meta":{"footnotes":""},"class_list":["post-653","page","type-page","status-publish"],"yoast_head":"<!-- This site is optimized with the Yoast SEO plugin v26.4 - https:\/\/yoast.com\/wordpress\/plugins\/seo\/ -->\n<title>H\u00edrlev\u00e9l - Eclipse of the Sun<\/title>\n<meta name=\"robots\" content=\"index, follow, max-snippet:-1, max-image-preview:large, max-video-preview:-1\" \/>\n<link rel=\"canonical\" href=\"https:\/\/eclipseofthesun.hu\/hu_hu\/hirlevel\/\" \/>\n<meta property=\"og:locale\" content=\"hu_HU\" \/>\n<meta property=\"og:type\" content=\"article\" \/>\n<meta property=\"og:title\" content=\"H\u00edrlev\u00e9l - Eclipse of the Sun\" \/>\n<meta property=\"og:url\" content=\"https:\/\/eclipseofthesun.hu\/hu_hu\/hirlevel\/\" \/>\n<meta property=\"og:site_name\" content=\"Eclipse of the Sun\" \/>\n<meta property=\"article:publisher\" content=\"https:\/\/www.facebook.com\/eclipseofthesunband\" \/>\n<meta property=\"article:modified_time\" content=\"2023-10-30T14:43:34+00:00\" \/>\n<meta name=\"twitter:card\" content=\"summary_large_image\" \/>\n<meta name=\"twitter:label1\" content=\"Becs\u00fclt olvas\u00e1si id\u0151\" \/>\n\t<meta name=\"twitter:data1\" content=\"1 perc\" \/>\n<script type=\"application\/ld+json\" class=\"yoast-schema-graph\">{\"@context\":\"https:\/\/schema.org\",\"@graph\":[{\"@type\":\"WebPage\",\"@id\":\"https:\/\/eclipseofthesun.hu\/hirlevel\/\",\"url\":\"https:\/\/eclipseofthesun.hu\/hirlevel\/\",\"name\":\"H\u00edrlev\u00e9l - Eclipse of the Sun\",\"isPartOf\":{\"@id\":\"https:\/\/eclipseofthesun.hu\/#website\"},\"datePublished\":\"2023-10-04T19:21:53+00:00\",\"dateModified\":\"2023-10-30T14:43:34+00:00\",\"breadcrumb\":{\"@id\":\"https:\/\/eclipseofthesun.hu\/hirlevel\/#breadcrumb\"},\"inLanguage\":\"hu\",\"potentialAction\":[{\"@type\":\"ReadAction\",\"target\":[\"https:\/\/eclipseofthesun.hu\/hirlevel\/\"]}]},{\"@type\":\"BreadcrumbList\",\"@id\":\"https:\/\/eclipseofthesun.hu\/hirlevel\/#breadcrumb\",\"itemListElement\":[{\"@type\":\"ListItem\",\"position\":1,\"name\":\"Kezd\u0151lap\",\"item\":\"https:\/\/eclipseofthesun.hu\/\"},{\"@type\":\"ListItem\",\"position\":2,\"name\":\"H\u00edrlev\u00e9l\"}]},{\"@type\":\"WebSite\",\"@id\":\"https:\/\/eclipseofthesun.hu\/#website\",\"url\":\"https:\/\/eclipseofthesun.hu\/\",\"name\":\"Eclipse of the Sun\",\"description\":\"Official homepage\",\"publisher\":{\"@id\":\"https:\/\/eclipseofthesun.hu\/#organization\"},\"potentialAction\":[{\"@type\":\"SearchAction\",\"target\":{\"@type\":\"EntryPoint\",\"urlTemplate\":\"https:\/\/eclipseofthesun.hu\/?s={search_term_string}\"},\"query-input\":{\"@type\":\"PropertyValueSpecification\",\"valueRequired\":true,\"valueName\":\"search_term_string\"}}],\"inLanguage\":\"hu\"},{\"@type\":\"Organization\",\"@id\":\"https:\/\/eclipseofthesun.hu\/#organization\",\"name\":\"Eclipse of the Sun\",\"url\":\"https:\/\/eclipseofthesun.hu\/\",\"logo\":{\"@type\":\"ImageObject\",\"inLanguage\":\"hu\",\"@id\":\"https:\/\/eclipseofthesun.hu\/#\/schema\/logo\/image\/\",\"url\":\"http:\/\/eclipseofthesun.hu\/wp-content\/uploads\/2020\/07\/Eclipse-of-the-Sun-LOGO-black-Gismonda-FG.png\",\"contentUrl\":\"http:\/\/eclipseofthesun.hu\/wp-content\/uploads\/2020\/07\/Eclipse-of-the-Sun-LOGO-black-Gismonda-FG.png\",\"width\":3508,\"height\":707,\"caption\":\"Eclipse of the Sun\"},\"image\":{\"@id\":\"https:\/\/eclipseofthesun.hu\/#\/schema\/logo\/image\/\"},\"sameAs\":[\"https:\/\/www.facebook.com\/eclipseofthesunband\",\"https:\/\/www.instagram.com\/eclipseofthesun_official\/\"]}]}<\/script>\n<!-- \/ Yoast SEO plugin. -->","yoast_head_json":{"title":"H\u00edrlev\u00e9l - Eclipse of the Sun","robots":{"index":"index","follow":"follow","max-snippet":"max-snippet:-1","max-image-preview":"max-image-preview:large","max-video-preview":"max-video-preview:-1"},"canonical":"https:\/\/eclipseofthesun.hu\/hu_hu\/hirlevel\/","og_locale":"hu_HU","og_type":"article","og_title":"H\u00edrlev\u00e9l - Eclipse of the Sun","og_url":"https:\/\/eclipseofthesun.hu\/hu_hu\/hirlevel\/","og_site_name":"Eclipse of the Sun","article_publisher":"https:\/\/www.facebook.com\/eclipseofthesunband","article_modified_time":"2023-10-30T14:43:34+00:00","twitter_card":"summary_large_image","twitter_misc":{"Becs\u00fclt olvas\u00e1si id\u0151":"1 perc"},"schema":{"@context":"https:\/\/schema.org","@graph":[{"@type":"WebPage","@id":"https:\/\/eclipseofthesun.hu\/hirlevel\/","url":"https:\/\/eclipseofthesun.hu\/hirlevel\/","name":"H\u00edrlev\u00e9l - Eclipse of the Sun","isPartOf":{"@id":"https:\/\/eclipseofthesun.hu\/#website"},"datePublished":"2023-10-04T19:21:53+00:00","dateModified":"2023-10-30T14:43:34+00:00","breadcrumb":{"@id":"https:\/\/eclipseofthesun.hu\/hirlevel\/#breadcrumb"},"inLanguage":"hu","potentialAction":[{"@type":"ReadAction","target":["https:\/\/eclipseofthesun.hu\/hirlevel\/"]}]},{"@type":"BreadcrumbList","@id":"https:\/\/eclipseofthesun.hu\/hirlevel\/#breadcrumb","itemListElement":[{"@type":"ListItem","position":1,"name":"Kezd\u0151lap","item":"https:\/\/eclipseofthesun.hu\/"},{"@type":"ListItem","position":2,"name":"H\u00edrlev\u00e9l"}]},{"@type":"WebSite","@id":"https:\/\/eclipseofthesun.hu\/#website","url":"https:\/\/eclipseofthesun.hu\/","name":"Eclipse of the Sun","description":"Official homepage","publisher":{"@id":"https:\/\/eclipseofthesun.hu\/#organization"},"potentialAction":[{"@type":"SearchAction","target":{"@type":"EntryPoint","urlTemplate":"https:\/\/eclipseofthesun.hu\/?s={search_term_string}"},"query-input":{"@type":"PropertyValueSpecification","valueRequired":true,"valueName":"search_term_string"}}],"inLanguage":"hu"},{"@type":"Organization","@id":"https:\/\/eclipseofthesun.hu\/#organization","name":"Eclipse of the Sun","url":"https:\/\/eclipseofthesun.hu\/","logo":{"@type":"ImageObject","inLanguage":"hu","@id":"https:\/\/eclipseofthesun.hu\/#\/schema\/logo\/image\/","url":"http:\/\/eclipseofthesun.hu\/wp-content\/uploads\/2020\/07\/Eclipse-of-the-Sun-LOGO-black-Gismonda-FG.png","contentUrl":"http:\/\/eclipseofthesun.hu\/wp-content\/uploads\/2020\/07\/Eclipse-of-the-Sun-LOGO-black-Gismonda-FG.png","width":3508,"height":707,"caption":"Eclipse of the Sun"},"image":{"@id":"https:\/\/eclipseofthesun.hu\/#\/schema\/logo\/image\/"},"sameAs":["https:\/\/www.facebook.com\/eclipseofthesunband","https:\/\/www.instagram.com\/eclipseofthesun_official\/"]}]}},"_links":{"self":[{"href":"https:\/\/eclipseofthesun.hu\/hu_hu\/wp-json\/wp\/v2\/pages\/653","targetHints":{"allow":["GET"]}}],"collection":[{"href":"https:\/\/eclipseofthesun.hu\/hu_hu\/wp-json\/wp\/v2\/pages"}],"about":[{"href":"https:\/\/eclipseofthesun.hu\/hu_hu\/wp-json\/wp\/v2\/types\/page"}],"author":[{"embeddable":true,"href":"https:\/\/eclipseofthesun.hu\/hu_hu\/wp-json\/wp\/v2\/users\/1"}],"replies":[{"embeddable":true,"href":"https:\/\/eclipseofthesun.hu\/hu_hu\/wp-json\/wp\/v2\/comments?post=653"}],"version-history":[{"count":10,"href":"https:\/\/eclipseofthesun.hu\/hu_hu\/wp-json\/wp\/v2\/pages\/653\/revisions"}],"predecessor-version":[{"id":893,"href":"https:\/\/eclipseofthesun.hu\/hu_hu\/wp-json\/wp\/v2\/pages\/653\/revisions\/893"}],"wp:attachment":[{"href":"https:\/\/eclipseofthesun.hu\/hu_hu\/wp-json\/wp\/v2\/media?parent=653"}],"curies":[{"name":"wp","href":"https:\/\/api.w.org\/{rel}","templated":true}]}}