{"id":687,"date":"2023-10-12T13:49:04","date_gmt":"2023-10-12T12:49:04","guid":{"rendered":"http:\/\/eclipseofthesun.hu\/?page_id=687"},"modified":"2023-11-16T16:39:44","modified_gmt":"2023-11-16T15:39:44","slug":"blog","status":"publish","type":"page","link":"https:\/\/eclipseofthesun.hu\/hu_hu\/blog\/","title":{"rendered":"Blog"},"content":{"rendered":"<div\n\t\t\t\n\t\t\tclass=\"so-widget-sow-blog so-widget-sow-blog-standard-edb255b2fd77\"\n\t\t\t\n\t\t>\t\t<div\n\t\tclass=\"sow-blog sow-blog-layout-standard\"\n\t\tdata-template=\"standard\"\n\t\tdata-settings=\"{&quot;columns&quot;:&quot;&quot;,&quot;featured_image&quot;:true,&quot;featured_image_empty&quot;:true,&quot;featured_image_size&quot;:&quot;full&quot;,&quot;featured_image_size_width&quot;:&quot;&quot;,&quot;featured_image_size_height&quot;:&quot;&quot;,&quot;tag&quot;:&quot;h2&quot;,&quot;content&quot;:&quot;excerpt&quot;,&quot;read_more&quot;:false,&quot;excerpt_length&quot;:55,&quot;date&quot;:true,&quot;author&quot;:false,&quot;filter_categories&quot;:false,&quot;categories&quot;:false,&quot;tags&quot;:false,&quot;comment_count&quot;:false,&quot;so_field_container_state&quot;:&quot;open&quot;,&quot;trim_manual_excerpt&quot;:&quot;&quot;,&quot;template&quot;:&quot;standard&quot;}\"\n\t\tdata-paged=\"1\"\n\t\tdata-paging-id=\"edb255b2fd77\"\n\t\tdata-total-pages=\"1\"\n\t\tdata-hash=\"de857e6a\"\n\t>\n\t\t\n\t\t\t\t\t\t\t<div class=\"sow-blog-posts\">\n\t\t\t\t<article id=\"post-1051\" class=\"post-1051 post type-post status-publish format-standard hentry category-egyeb\" style=\"margin: 0 0 40px\">\n\t\t\t\t<div class=\"sow-blog-content-wrapper\"\n\t\t style=\"padding: 25px 30px 38px;\">\n\t\t\t\t<header class=\"sow-entry-header\">\n\t\t\t<h2 class=\"sow-entry-title\" style=\"margin: 0 0 5px;\"><a href=\"https:\/\/eclipseofthesun.hu\/hu_hu\/a-legjobb-tortenelmi-ihletesu-metal-zenek\/\" rel=\"bookmark\">A legjobb t\u00f6rt\u00e9nelmi ihlet\u00e9s\u0171 metal zen\u00e9k<\/a><\/h2>\t\t\t<div class=\"sow-entry-meta\">\n\t\t\t\t\t\t\t<span class=\"sow-entry-date\">\n\t\t\t\t<a href=\"https:\/\/eclipseofthesun.hu\/hu_hu\/a-legjobb-tortenelmi-ihletesu-metal-zenek\/\" rel=\"bookmark\">\n\t\t\t\t\t<time class=\"published\" datetime=\"2024-02-23T13:25:11+01:00\">\n\t\t\t\t\t\t2024.02.23.\t\t\t\t\t<\/time>\n\t\t\t\t\t<time class=\"updated\" datetime=\"2024-02-23T13:26:17+01:00\">\n\t\t\t\t\t\t2024.02.23.\t\t\t\t\t<\/time>\n\t\t\t\t<\/a>\n\t\t\t<\/span>\n\t\t\n\t\t\n\t\t\n\t\t\t\t\t<\/div>\n\t\t<\/header>\n\n\t\t\t\t\t<div\n\t\t\t\tclass=\"sow-entry-content\"\n\t\t\t\tstyle=\"margin-top: 20px;\"\n\t\t\t>\n\t\t\t\t<p>A legjobb t\u00f6rt\u00e9nelmi ihlet\u00e9s\u0171 metal zen\u00e9k Ugyan m\u00e9g van p\u00e1r nap az egyik legfontosabb nemzeti \u00fcnnep\u00fcnkig, az 1848-49-es forradalom \u00e9s szabads\u00e1gharc kit\u00f6r\u00e9s\u00e9re eml\u00e9kez\u0151 m\u00e1rcius 15-ig, de minket m\u00e1r most megihletett ez a fontos nap. \u00dagy d\u00f6nt\u00f6tt\u00fcnk, hogy a mostani zeneaj\u00e1nl\u00f3nkban csak olyan zen\u00e9ket aj\u00e1nlunk nektek, amiknek a zenei vagy sz\u00f6vegi vil\u00e1g\u00e1t valamilyen konkr\u00e9t t\u00f6rt\u00e9nelmi esem\u00e9ny&#8230;<\/p>\t\t\t<\/div>\n\t\t\t\t<\/div>\n<\/article>\n<article id=\"post-1012\" class=\"post-1012 post type-post status-publish format-standard hentry category-egyeb\" style=\"margin: 0 0 40px\">\n\t\t\t\t<div class=\"sow-blog-content-wrapper\"\n\t\t style=\"padding: 25px 30px 38px;\">\n\t\t\t\t<header class=\"sow-entry-header\">\n\t\t\t<h2 class=\"sow-entry-title\" style=\"margin: 0 0 5px;\"><a href=\"https:\/\/eclipseofthesun.hu\/hu_hu\/legjobb-oszi-metal-zenek-2023-november\/\" rel=\"bookmark\">Mind\u00f6r\u00f6kk\u00e9 \u0151sz (novemberi zeneaj\u00e1nl\u00f3)<\/a><\/h2>\t\t\t<div class=\"sow-entry-meta\">\n\t\t\t\t\t\t\t<span class=\"sow-entry-date\">\n\t\t\t\t<a href=\"https:\/\/eclipseofthesun.hu\/hu_hu\/legjobb-oszi-metal-zenek-2023-november\/\" rel=\"bookmark\">\n\t\t\t\t\t<time class=\"published\" datetime=\"2023-11-15T19:43:07+01:00\">\n\t\t\t\t\t\t2023.11.15.\t\t\t\t\t<\/time>\n\t\t\t\t\t<time class=\"updated\" datetime=\"2024-02-23T13:11:32+01:00\">\n\t\t\t\t\t\t2024.02.23.\t\t\t\t\t<\/time>\n\t\t\t\t<\/a>\n\t\t\t<\/span>\n\t\t\n\t\t\n\t\t\n\t\t\t\t\t<\/div>\n\t\t<\/header>\n\n\t\t\t\t\t<div\n\t\t\t\tclass=\"sow-entry-content\"\n\t\t\t\tstyle=\"margin-top: 20px;\"\n\t\t\t>\n\t\t\t\t<p>Mind\u00f6r\u00f6kk\u00e9 \u0151sz (novemberi zeneaj\u00e1nl\u00f3 2023.)<\/p>\t\t\t<\/div>\n\t\t\t\t<\/div>\n<\/article>\n\t\t\t<\/div>\n\t\t\t\t\t\t\t\t<\/div>\n\t<\/div>","protected":false},"excerpt":{"rendered":"","protected":false},"author":1,"featured_media":0,"parent":0,"menu_order":0,"comment_status":"closed","ping_status":"closed","template":"","meta":{"footnotes":""},"class_list":["post-687","page","type-page","status-publish"],"yoast_head":"<!-- This site is optimized with the Yoast SEO plugin v26.4 - https:\/\/yoast.com\/wordpress\/plugins\/seo\/ -->\n<title>Blog - Eclipse of the Sun<\/title>\n<meta name=\"robots\" content=\"index, follow, max-snippet:-1, max-image-preview:large, max-video-preview:-1\" \/>\n<link rel=\"canonical\" href=\"https:\/\/eclipseofthesun.hu\/hu_hu\/blog\/\" \/>\n<meta property=\"og:locale\" content=\"hu_HU\" \/>\n<meta property=\"og:type\" content=\"article\" \/>\n<meta property=\"og:title\" content=\"Blog - Eclipse of the Sun\" \/>\n<meta property=\"og:url\" content=\"https:\/\/eclipseofthesun.hu\/hu_hu\/blog\/\" \/>\n<meta property=\"og:site_name\" content=\"Eclipse of the Sun\" \/>\n<meta property=\"article:publisher\" content=\"https:\/\/www.facebook.com\/eclipseofthesunband\" \/>\n<meta property=\"article:modified_time\" content=\"2023-11-16T15:39:44+00:00\" \/>\n<meta name=\"twitter:card\" content=\"summary_large_image\" \/>\n<script type=\"application\/ld+json\" class=\"yoast-schema-graph\">{\"@context\":\"https:\/\/schema.org\",\"@graph\":[{\"@type\":\"WebPage\",\"@id\":\"https:\/\/eclipseofthesun.hu\/blog\/\",\"url\":\"https:\/\/eclipseofthesun.hu\/blog\/\",\"name\":\"Blog - Eclipse of the Sun\",\"isPartOf\":{\"@id\":\"https:\/\/eclipseofthesun.hu\/#website\"},\"datePublished\":\"2023-10-12T12:49:04+00:00\",\"dateModified\":\"2023-11-16T15:39:44+00:00\",\"breadcrumb\":{\"@id\":\"https:\/\/eclipseofthesun.hu\/blog\/#breadcrumb\"},\"inLanguage\":\"hu\",\"potentialAction\":[{\"@type\":\"ReadAction\",\"target\":[\"https:\/\/eclipseofthesun.hu\/blog\/\"]}]},{\"@type\":\"BreadcrumbList\",\"@id\":\"https:\/\/eclipseofthesun.hu\/blog\/#breadcrumb\",\"itemListElement\":[{\"@type\":\"ListItem\",\"position\":1,\"name\":\"Kezd\u0151lap\",\"item\":\"https:\/\/eclipseofthesun.hu\/\"},{\"@type\":\"ListItem\",\"position\":2,\"name\":\"Blog\"}]},{\"@type\":\"WebSite\",\"@id\":\"https:\/\/eclipseofthesun.hu\/#website\",\"url\":\"https:\/\/eclipseofthesun.hu\/\",\"name\":\"Eclipse of the Sun\",\"description\":\"Official homepage\",\"publisher\":{\"@id\":\"https:\/\/eclipseofthesun.hu\/#organization\"},\"potentialAction\":[{\"@type\":\"SearchAction\",\"target\":{\"@type\":\"EntryPoint\",\"urlTemplate\":\"https:\/\/eclipseofthesun.hu\/?s={search_term_string}\"},\"query-input\":{\"@type\":\"PropertyValueSpecification\",\"valueRequired\":true,\"valueName\":\"search_term_string\"}}],\"inLanguage\":\"hu\"},{\"@type\":\"Organization\",\"@id\":\"https:\/\/eclipseofthesun.hu\/#organization\",\"name\":\"Eclipse of the Sun\",\"url\":\"https:\/\/eclipseofthesun.hu\/\",\"logo\":{\"@type\":\"ImageObject\",\"inLanguage\":\"hu\",\"@id\":\"https:\/\/eclipseofthesun.hu\/#\/schema\/logo\/image\/\",\"url\":\"http:\/\/eclipseofthesun.hu\/wp-content\/uploads\/2020\/07\/Eclipse-of-the-Sun-LOGO-black-Gismonda-FG.png\",\"contentUrl\":\"http:\/\/eclipseofthesun.hu\/wp-content\/uploads\/2020\/07\/Eclipse-of-the-Sun-LOGO-black-Gismonda-FG.png\",\"width\":3508,\"height\":707,\"caption\":\"Eclipse of the Sun\"},\"image\":{\"@id\":\"https:\/\/eclipseofthesun.hu\/#\/schema\/logo\/image\/\"},\"sameAs\":[\"https:\/\/www.facebook.com\/eclipseofthesunband\",\"https:\/\/www.instagram.com\/eclipseofthesun_official\/\"]}]}<\/script>\n<!-- \/ Yoast SEO plugin. -->","yoast_head_json":{"title":"Blog - Eclipse of the Sun","robots":{"index":"index","follow":"follow","max-snippet":"max-snippet:-1","max-image-preview":"max-image-preview:large","max-video-preview":"max-video-preview:-1"},"canonical":"https:\/\/eclipseofthesun.hu\/hu_hu\/blog\/","og_locale":"hu_HU","og_type":"article","og_title":"Blog - Eclipse of the Sun","og_url":"https:\/\/eclipseofthesun.hu\/hu_hu\/blog\/","og_site_name":"Eclipse of the Sun","article_publisher":"https:\/\/www.facebook.com\/eclipseofthesunband","article_modified_time":"2023-11-16T15:39:44+00:00","twitter_card":"summary_large_image","schema":{"@context":"https:\/\/schema.org","@graph":[{"@type":"WebPage","@id":"https:\/\/eclipseofthesun.hu\/blog\/","url":"https:\/\/eclipseofthesun.hu\/blog\/","name":"Blog - Eclipse of the Sun","isPartOf":{"@id":"https:\/\/eclipseofthesun.hu\/#website"},"datePublished":"2023-10-12T12:49:04+00:00","dateModified":"2023-11-16T15:39:44+00:00","breadcrumb":{"@id":"https:\/\/eclipseofthesun.hu\/blog\/#breadcrumb"},"inLanguage":"hu","potentialAction":[{"@type":"ReadAction","target":["https:\/\/eclipseofthesun.hu\/blog\/"]}]},{"@type":"BreadcrumbList","@id":"https:\/\/eclipseofthesun.hu\/blog\/#breadcrumb","itemListElement":[{"@type":"ListItem","position":1,"name":"Kezd\u0151lap","item":"https:\/\/eclipseofthesun.hu\/"},{"@type":"ListItem","position":2,"name":"Blog"}]},{"@type":"WebSite","@id":"https:\/\/eclipseofthesun.hu\/#website","url":"https:\/\/eclipseofthesun.hu\/","name":"Eclipse of the Sun","description":"Official homepage","publisher":{"@id":"https:\/\/eclipseofthesun.hu\/#organization"},"potentialAction":[{"@type":"SearchAction","target":{"@type":"EntryPoint","urlTemplate":"https:\/\/eclipseofthesun.hu\/?s={search_term_string}"},"query-input":{"@type":"PropertyValueSpecification","valueRequired":true,"valueName":"search_term_string"}}],"inLanguage":"hu"},{"@type":"Organization","@id":"https:\/\/eclipseofthesun.hu\/#organization","name":"Eclipse of the Sun","url":"https:\/\/eclipseofthesun.hu\/","logo":{"@type":"ImageObject","inLanguage":"hu","@id":"https:\/\/eclipseofthesun.hu\/#\/schema\/logo\/image\/","url":"http:\/\/eclipseofthesun.hu\/wp-content\/uploads\/2020\/07\/Eclipse-of-the-Sun-LOGO-black-Gismonda-FG.png","contentUrl":"http:\/\/eclipseofthesun.hu\/wp-content\/uploads\/2020\/07\/Eclipse-of-the-Sun-LOGO-black-Gismonda-FG.png","width":3508,"height":707,"caption":"Eclipse of the Sun"},"image":{"@id":"https:\/\/eclipseofthesun.hu\/#\/schema\/logo\/image\/"},"sameAs":["https:\/\/www.facebook.com\/eclipseofthesunband","https:\/\/www.instagram.com\/eclipseofthesun_official\/"]}]}},"_links":{"self":[{"href":"https:\/\/eclipseofthesun.hu\/hu_hu\/wp-json\/wp\/v2\/pages\/687","targetHints":{"allow":["GET"]}}],"collection":[{"href":"https:\/\/eclipseofthesun.hu\/hu_hu\/wp-json\/wp\/v2\/pages"}],"about":[{"href":"https:\/\/eclipseofthesun.hu\/hu_hu\/wp-json\/wp\/v2\/types\/page"}],"author":[{"embeddable":true,"href":"https:\/\/eclipseofthesun.hu\/hu_hu\/wp-json\/wp\/v2\/users\/1"}],"replies":[{"embeddable":true,"href":"https:\/\/eclipseofthesun.hu\/hu_hu\/wp-json\/wp\/v2\/comments?post=687"}],"version-history":[{"count":13,"href":"https:\/\/eclipseofthesun.hu\/hu_hu\/wp-json\/wp\/v2\/pages\/687\/revisions"}],"predecessor-version":[{"id":1034,"href":"https:\/\/eclipseofthesun.hu\/hu_hu\/wp-json\/wp\/v2\/pages\/687\/revisions\/1034"}],"wp:attachment":[{"href":"https:\/\/eclipseofthesun.hu\/hu_hu\/wp-json\/wp\/v2\/media?parent=687"}],"curies":[{"name":"wp","href":"https:\/\/api.w.org\/{rel}","templated":true}]}}