{"id":744,"date":"2023-10-30T11:05:31","date_gmt":"2023-10-30T10:05:31","guid":{"rendered":"http:\/\/eclipseofthesun.hu\/?page_id=744"},"modified":"2025-11-26T17:03:40","modified_gmt":"2025-11-26T16:03:40","slug":"az-eclipse-of-the-sun-zenekar-hivatalos-oldala","status":"publish","type":"page","link":"https:\/\/eclipseofthesun.hu\/hu_hu\/","title":{"rendered":"Az Eclipse of the Sun zenekar hivatalos oldala"},"content":{"rendered":"<div id=\"pl-gb744-69d38c8cb0cd5\"  class=\"panel-layout wp-block-siteorigin-panels-layout-block\" ><div id=\"pg-gb744-69d38c8cb0cd5-0\"  class=\"panel-grid panel-has-style\" ><div class=\"aos-init lsow-row so-parallax siteorigin-panels-stretch panel-row-style panel-row-style-for-gb744-69d38c8cb0cd5-0\" data-aos=\"fade-up\" data-aos-duration=\"300\" data-aos-easing=\"linear\" data-aos-anchor-placement=\"top-bottom\" data-aos-once=\"true\" data-stretch-type=\"full\" ><img fetchpriority=\"high\" decoding=\"async\" width=\"1556\" height=\"1037\" src=\"https:\/\/eclipseofthesun.hu\/wp-content\/uploads\/2023\/10\/03.jpg\" class=\"attachment-full size-full\" alt=\"\" data-siteorigin-parallax=\"true\" loading=\"eager\" srcset=\"https:\/\/eclipseofthesun.hu\/wp-content\/uploads\/2023\/10\/03.jpg 1556w, https:\/\/eclipseofthesun.hu\/wp-content\/uploads\/2023\/10\/03-300x200.jpg 300w, https:\/\/eclipseofthesun.hu\/wp-content\/uploads\/2023\/10\/03-1024x682.jpg 1024w, https:\/\/eclipseofthesun.hu\/wp-content\/uploads\/2023\/10\/03-768x512.jpg 768w, https:\/\/eclipseofthesun.hu\/wp-content\/uploads\/2023\/10\/03-1536x1024.jpg 1536w, https:\/\/eclipseofthesun.hu\/wp-content\/uploads\/2023\/10\/03-272x182.jpg 272w\" sizes=\"(max-width: 1556px) 100vw, 1556px\" \/><div id=\"pgc-gb744-69d38c8cb0cd5-0-0\"  class=\"panel-grid-cell\" ><div id=\"panel-gb744-69d38c8cb0cd5-0-0-0\" class=\"so-panel widget widget_sow-editor panel-first-child panel-last-child\" data-index=\"0\" ><div class=\"aos-init panel-widget-style panel-widget-style-for-gb744-69d38c8cb0cd5-0-0-0\" data-aos=\"zoom-in\" data-aos-duration=\"600\" data-aos-easing=\"linear\" data-aos-delay=\"300\" data-aos-anchor-placement=\"top-bottom\" data-aos-once=\"true\" ><div\n\t\t\t\n\t\t\tclass=\"so-widget-sow-editor so-widget-sow-editor-base\"\n\t\t\t\n\t\t>\n<div class=\"siteorigin-widget-tinymce textwidget\">\n\t<h2 style=\"text-align: center; color: white;\">\u00dcdv\u00f6zl\u00fcnk az <strong>ECLIPSE OF THE SUN <\/strong>hivatalos oldal\u00e1n!<\/h2>\n<\/div>\n<\/div><\/div><\/div><\/div><\/div><\/div><\/div>\n\n<div id=\"pl-gb744-69d38c8cb1cf8\"  class=\"panel-layout wp-block-siteorigin-panels-layout-block\" ><div id=\"pg-gb744-69d38c8cb1cf8-0\"  class=\"panel-grid panel-has-style\" ><div class=\"aos-init siteorigin-panels-stretch panel-row-style panel-row-style-for-gb744-69d38c8cb1cf8-0\" data-aos=\"fade-up\" data-aos-duration=\"600\" data-aos-easing=\"linear\" data-aos-anchor-placement=\"top-bottom\" data-aos-once=\"true\" data-stretch-type=\"full\" ><div id=\"pgc-gb744-69d38c8cb1cf8-0-0\"  class=\"panel-grid-cell\" ><div id=\"panel-gb744-69d38c8cb1cf8-0-0-0\" class=\"so-panel widget widget_sow-editor panel-first-child panel-last-child\" data-index=\"0\" ><div class=\"panel-widget-style panel-widget-style-for-gb744-69d38c8cb1cf8-0-0-0\" ><div\n\t\t\t\n\t\t\tclass=\"so-widget-sow-editor so-widget-sow-editor-base\"\n\t\t\t\n\t\t>\n<div class=\"siteorigin-widget-tinymce textwidget\">\n\t<h2 style=\"text-align: center;\">H\u00cdREK<\/h2>\n<\/div>\n<\/div><\/div><\/div><\/div><\/div><\/div><div id=\"pg-gb744-69d38c8cb1cf8-1\"  class=\"panel-grid panel-has-style\" ><div class=\"aos-init siteorigin-panels-stretch panel-row-style panel-row-style-for-gb744-69d38c8cb1cf8-1\" data-aos=\"fade-up\" data-aos-duration=\"600\" data-aos-easing=\"linear\" data-aos-anchor-placement=\"top-bottom\" data-aos-once=\"true\" data-stretch-type=\"full\" ><div id=\"pgc-gb744-69d38c8cb1cf8-1-0\"  class=\"panel-grid-cell\" ><div id=\"panel-gb744-69d38c8cb1cf8-1-0-0\" class=\"so-panel widget widget_sow-editor panel-first-child\" data-index=\"1\" ><div\n\t\t\t\n\t\t\tclass=\"so-widget-sow-editor so-widget-sow-editor-base\"\n\t\t\t\n\t\t>\n<div class=\"siteorigin-widget-tinymce textwidget\">\n\t<h3 style=\"text-align: center;\">Megjelent a Whom the Gods EP!<\/h3>\n<p style=\"text-align: center;\">Keress\u00e9tek hivatalos BANDCAMP oldalunkon \u00e9s hamarosan a nagy streaming oldalakon!<\/p>\n<\/div>\n<\/div><\/div><div id=\"panel-gb744-69d38c8cb1cf8-1-0-1\" class=\"so-panel widget widget_sow-image panel-last-child\" data-index=\"2\" ><div\n\t\t\t\n\t\t\tclass=\"so-widget-sow-image so-widget-sow-image-default-6ec9e3772f75-744\"\n\t\t\t\n\t\t>\n<div class=\"sow-image-container\">\n\t\t<img \n\tsrc=\"https:\/\/eclipseofthesun.hu\/wp-content\/uploads\/2025\/11\/whom_the_gods.jpg\" width=\"2048\" height=\"1365\" srcset=\"https:\/\/eclipseofthesun.hu\/wp-content\/uploads\/2025\/11\/whom_the_gods.jpg 2048w, https:\/\/eclipseofthesun.hu\/wp-content\/uploads\/2025\/11\/whom_the_gods-300x200.jpg 300w, https:\/\/eclipseofthesun.hu\/wp-content\/uploads\/2025\/11\/whom_the_gods-1024x683.jpg 1024w, https:\/\/eclipseofthesun.hu\/wp-content\/uploads\/2025\/11\/whom_the_gods-768x512.jpg 768w, https:\/\/eclipseofthesun.hu\/wp-content\/uploads\/2025\/11\/whom_the_gods-1536x1024.jpg 1536w, https:\/\/eclipseofthesun.hu\/wp-content\/uploads\/2025\/11\/whom_the_gods-18x12.jpg 18w, https:\/\/eclipseofthesun.hu\/wp-content\/uploads\/2025\/11\/whom_the_gods-272x182.jpg 272w, https:\/\/eclipseofthesun.hu\/wp-content\/uploads\/2025\/11\/whom_the_gods-720x480.jpg 720w\" sizes=\"(max-width: 2048px) 100vw, 2048px\" title=\"Eclipse of the Sun Whom the Gods EP\" alt=\"Eclipse of the Sun Whom the Gods EP\" \t\tclass=\"so-widget-image\"\/>\n\t<\/div>\n\n<\/div><\/div><\/div><div id=\"pgc-gb744-69d38c8cb1cf8-1-1\"  class=\"panel-grid-cell\" ><div id=\"panel-gb744-69d38c8cb1cf8-1-1-0\" class=\"so-panel widget widget_sow-editor panel-first-child\" data-index=\"3\" ><div\n\t\t\t\n\t\t\tclass=\"so-widget-sow-editor so-widget-sow-editor-base\"\n\t\t\t\n\t\t>\n<div class=\"siteorigin-widget-tinymce textwidget\">\n\t<h3 style=\"text-align: center;\">Elindult a merchandise!<\/h3>\n<p style=\"text-align: center;\">\u00cdme ez az id\u0151 is elj\u00f6tt! \u00d6lt\u00f6zzetek Eclipse-be! V\u00e1logassatok Laki Emese \u00e9s Baranyi Bettina csodasz\u00e9p mint\u00e1i k\u00f6z\u00fcl!<\/p>\n<\/div>\n<\/div><\/div><div id=\"panel-gb744-69d38c8cb1cf8-1-1-1\" class=\"so-panel widget widget_sow-image panel-last-child\" data-index=\"4\" ><div\n\t\t\t\n\t\t\tclass=\"so-widget-sow-image so-widget-sow-image-default-dbf295114b96-744\"\n\t\t\t\n\t\t>\n<div class=\"sow-image-container\">\n\t\t\t<a href=\"https:\/\/eots.polomania.hu\/termekek\/?kat=osszes\"\n\t\t\ttarget=\"_blank\" rel=\"noopener noreferrer\" \t\t>\n\t\t\t<img \n\tsrc=\"https:\/\/eclipseofthesun.hu\/wp-content\/uploads\/2023\/10\/Eclipse-of-the-Sun-Merch-Death-of-Pan-Minta-scaled.jpg\" width=\"2560\" height=\"1707\" srcset=\"https:\/\/eclipseofthesun.hu\/wp-content\/uploads\/2023\/10\/Eclipse-of-the-Sun-Merch-Death-of-Pan-Minta-scaled.jpg 2560w, https:\/\/eclipseofthesun.hu\/wp-content\/uploads\/2023\/10\/Eclipse-of-the-Sun-Merch-Death-of-Pan-Minta-300x200.jpg 300w, https:\/\/eclipseofthesun.hu\/wp-content\/uploads\/2023\/10\/Eclipse-of-the-Sun-Merch-Death-of-Pan-Minta-1024x683.jpg 1024w, https:\/\/eclipseofthesun.hu\/wp-content\/uploads\/2023\/10\/Eclipse-of-the-Sun-Merch-Death-of-Pan-Minta-768x512.jpg 768w, https:\/\/eclipseofthesun.hu\/wp-content\/uploads\/2023\/10\/Eclipse-of-the-Sun-Merch-Death-of-Pan-Minta-1536x1024.jpg 1536w, https:\/\/eclipseofthesun.hu\/wp-content\/uploads\/2023\/10\/Eclipse-of-the-Sun-Merch-Death-of-Pan-Minta-2048x1365.jpg 2048w, https:\/\/eclipseofthesun.hu\/wp-content\/uploads\/2023\/10\/Eclipse-of-the-Sun-Merch-Death-of-Pan-Minta-272x182.jpg 272w\" sizes=\"(max-width: 2560px) 100vw, 2560px\" title=\"Eclipse of the Sun Merch Death of Pan Minta\" alt=\"Eclipse of the Sun Merch Death of Pan Minta\" \t\tclass=\"so-widget-image\"\/>\n\t\t\t<\/a><\/div>\n\n<\/div><\/div><\/div><\/div><\/div><\/div>\n\n<div id=\"pl-gb744-69d38c8cb3200\"  class=\"panel-layout wp-block-siteorigin-panels-layout-block\" ><div id=\"pg-gb744-69d38c8cb3200-0\"  class=\"panel-grid panel-has-style\" ><div class=\"aos-init siteorigin-panels-stretch panel-row-style panel-row-style-for-gb744-69d38c8cb3200-0\" data-aos=\"fade-up\" data-aos-duration=\"600\" data-aos-easing=\"linear\" data-aos-anchor-placement=\"top-bottom\" data-aos-once=\"true\" data-stretch-type=\"full\" ><div id=\"pgc-gb744-69d38c8cb3200-0-0\"  class=\"panel-grid-cell\" ><div id=\"panel-gb744-69d38c8cb3200-0-0-0\" class=\"so-panel widget widget_sow-editor panel-first-child\" data-index=\"0\" ><div class=\"panel-widget-style panel-widget-style-for-gb744-69d38c8cb3200-0-0-0\" ><div\n\t\t\t\n\t\t\tclass=\"so-widget-sow-editor so-widget-sow-editor-base\"\n\t\t\t\n\t\t>\n<div class=\"siteorigin-widget-tinymce textwidget\">\n\t<h2 style=\"text-align: center;\">Iratkozz fel a h\u00edrlevel\u00fcnkre!<\/h2>\n<p style=\"text-align: center;\">\u00cdgy els\u0151k\u00e9nt tudunk \u00e9rtes\u00edteni a zenekarral kapcsolatos legfontosabb h\u00edrekr\u0151l!<\/p>\n<\/div>\n<\/div><\/div><\/div><div id=\"panel-gb744-69d38c8cb3200-0-0-1\" class=\"so-panel widget widget_sow-button panel-last-child\" data-index=\"1\" ><div class=\"panel-widget-style panel-widget-style-for-gb744-69d38c8cb3200-0-0-1\" ><div\n\t\t\t\n\t\t\tclass=\"so-widget-sow-button so-widget-sow-button-flat-263d941911e6-744\"\n\t\t\t\n\t\t><div class=\"ow-button-base ow-button-align-center\"\n>\n\t\t\t<a\n\t\t\t\t\thref=\"https:\/\/eclipseofthesun.hu\/hu_hu\/hirlevel\/\"\n\t\t\t\t\tclass=\"sowb-button ow-icon-placement-left ow-button-hover\" \t>\n\t\t<span>\n\t\t\t\n\t\t\tFeliratkozom!\t\t<\/span>\n\t\t\t<\/a>\n\t<\/div>\n<\/div><\/div><\/div><\/div><\/div><\/div><\/div>\n\n<div id=\"pl-gb744-69d38c8cb3d2c\"  class=\"panel-layout wp-block-siteorigin-panels-layout-block\" ><div id=\"pg-gb744-69d38c8cb3d2c-0\"  class=\"panel-grid panel-has-style\" ><div class=\"aos-init siteorigin-panels-stretch panel-row-style panel-row-style-for-gb744-69d38c8cb3d2c-0\" data-aos=\"fade-up\" data-aos-duration=\"600\" data-aos-easing=\"linear\" data-aos-anchor-placement=\"top-bottom\" data-aos-once=\"true\" data-stretch-type=\"full\" ><div id=\"pgc-gb744-69d38c8cb3d2c-0-0\"  class=\"panel-grid-cell\" ><div id=\"panel-gb744-69d38c8cb3d2c-0-0-0\" class=\"so-panel widget widget_sow-editor panel-first-child panel-last-child\" data-index=\"0\" ><div class=\"panel-widget-style panel-widget-style-for-gb744-69d38c8cb3d2c-0-0-0\" ><div\n\t\t\t\n\t\t\tclass=\"so-widget-sow-editor so-widget-sow-editor-base\"\n\t\t\t\n\t\t>\n<div class=\"siteorigin-widget-tinymce textwidget\">\n\t<h2 style=\"text-align: center;\">LEG\u00daJABB ALBUM<\/h2>\n<h3 style=\"text-align: center;\">BRAVE NEVER WORLD<\/h3>\n<p style=\"text-align: center;\">Kiad\u00f3: Sathanath Records \u00e9s More Hate Prod.<br \/>\nMegjelen\u00e9s \u00e9ve: 2020<\/p>\n<p style=\"text-align: center;\">Hallgass bele a streaming platformokon vagy v\u00e1s\u00e1rold meg hivatalos Bandcamp-oldalunkon! Fizikai p\u00e9ld\u00e1ny\u00e9rt keress minket e-mailben!<\/p>\n<\/div>\n<\/div><\/div><\/div><\/div><div id=\"pgc-gb744-69d38c8cb3d2c-0-1\"  class=\"panel-grid-cell\" ><div id=\"panel-gb744-69d38c8cb3d2c-0-1-0\" class=\"so-panel widget widget_sow-image panel-first-child\" data-index=\"1\" ><div class=\"panel-widget-style panel-widget-style-for-gb744-69d38c8cb3d2c-0-1-0\" ><div\n\t\t\t\n\t\t\tclass=\"so-widget-sow-image so-widget-sow-image-default-dbf295114b96-744\"\n\t\t\t\n\t\t>\n<div class=\"sow-image-container\">\n\t\t<img \n\tsrc=\"https:\/\/eclipseofthesun.hu\/wp-content\/uploads\/2023\/10\/bnw_cover_bandcamp.jpg\" width=\"700\" height=\"700\" srcset=\"https:\/\/eclipseofthesun.hu\/wp-content\/uploads\/2023\/10\/bnw_cover_bandcamp.jpg 700w, https:\/\/eclipseofthesun.hu\/wp-content\/uploads\/2023\/10\/bnw_cover_bandcamp-300x300.jpg 300w, https:\/\/eclipseofthesun.hu\/wp-content\/uploads\/2023\/10\/bnw_cover_bandcamp-150x150.jpg 150w\" sizes=\"(max-width: 700px) 100vw, 700px\" title=\"Eclipse of the Sun Brave Never World 2020 Album\" alt=\"Eclipse of the Sun Brave Never World 2020 Album\" \t\tclass=\"so-widget-image\"\/>\n\t<\/div>\n\n<\/div><\/div><\/div><div id=\"panel-gb744-69d38c8cb3d2c-0-1-1\" class=\"widget_text so-panel widget widget_custom_html panel-last-child\" data-index=\"2\" ><div class=\"widget_text panel-widget-style panel-widget-style-for-gb744-69d38c8cb3d2c-0-1-1\" ><div class=\"textwidget custom-html-widget\"><iframe style=\"border-radius:12px\" src=\"https:\/\/open.spotify.com\/embed\/album\/3o8IHgyT7CSoXpA1pX4Nt0?utm_source=generator&#038;theme=0\" width=\"100%\" height=\"152\" frameBorder=\"0\" allowfullscreen=\"\" allow=\"autoplay; clipboard-write; encrypted-media; fullscreen; picture-in-picture\" loading=\"lazy\"><\/iframe><\/div><\/div><\/div><\/div><\/div><\/div><\/div>\n\n<div id=\"pl-gb744-69d38c8cb46c5\"  class=\"panel-layout wp-block-siteorigin-panels-layout-block\" ><div id=\"pg-gb744-69d38c8cb46c5-0\"  class=\"panel-grid panel-has-style\" ><div class=\"aos-init siteorigin-panels-stretch panel-row-style panel-row-style-for-gb744-69d38c8cb46c5-0\" data-aos=\"fade-up\" data-aos-duration=\"600\" data-aos-easing=\"linear\" data-aos-anchor-placement=\"top-bottom\" data-aos-once=\"true\" data-stretch-type=\"full\" ><div id=\"pgc-gb744-69d38c8cb46c5-0-0\"  class=\"panel-grid-cell\" ><div id=\"panel-gb744-69d38c8cb46c5-0-0-0\" class=\"so-panel widget widget_sow-editor panel-first-child panel-last-child\" data-index=\"0\" ><div class=\"panel-widget-style panel-widget-style-for-gb744-69d38c8cb46c5-0-0-0\" ><div\n\t\t\t\n\t\t\tclass=\"so-widget-sow-editor so-widget-sow-editor-base\"\n\t\t\t\n\t\t>\n<div class=\"siteorigin-widget-tinymce textwidget\">\n\t<h2 style=\"text-align: center;\">KONCERTEK<\/h2>\n<div class=\"comment-container\">\n<div class=\"action-comment can-view-video markeddown js-comment is-comments-rewrite\" dir=\"auto\">\n<div class=\"current-comment js-friendly-links js-open-card\" style=\"text-align: center;\">Jelenleg nincsenek koncertd\u00e1tumok.&nbsp;\n<\/div>\n<\/div>\n<\/div>\n<\/div>\n<\/div><\/div><\/div><\/div><\/div><\/div><\/div>","protected":false},"excerpt":{"rendered":"<p>\u00dcdv\u00f6zl\u00fcnk az ECLIPSE OF THE SUN hivatalos oldal\u00e1n!<\/p>\n","protected":false},"author":1,"featured_media":0,"parent":0,"menu_order":0,"comment_status":"closed","ping_status":"closed","template":"","meta":{"footnotes":""},"class_list":["post-744","page","type-page","status-publish"],"yoast_head":"<!-- This site is optimized with the Yoast SEO plugin v26.4 - https:\/\/yoast.com\/wordpress\/plugins\/seo\/ -->\n<title>Az Eclipse of the Sun zenekar hivatalos oldala - Eclipse of the Sun<\/title>\n<meta name=\"robots\" content=\"index, follow, max-snippet:-1, max-image-preview:large, max-video-preview:-1\" \/>\n<link rel=\"canonical\" href=\"https:\/\/eclipseofthesun.hu\/hu_hu\/\" \/>\n<meta property=\"og:locale\" content=\"hu_HU\" \/>\n<meta property=\"og:type\" content=\"article\" \/>\n<meta property=\"og:title\" content=\"Az Eclipse of the Sun zenekar hivatalos oldala - Eclipse of the Sun\" \/>\n<meta property=\"og:description\" content=\"\u00dcdv\u00f6zl\u00fcnk az ECLIPSE OF THE SUN hivatalos oldal\u00e1n!\" \/>\n<meta property=\"og:url\" content=\"https:\/\/eclipseofthesun.hu\/hu_hu\/\" \/>\n<meta property=\"og:site_name\" content=\"Eclipse of the Sun\" \/>\n<meta property=\"article:publisher\" content=\"https:\/\/www.facebook.com\/eclipseofthesunband\" \/>\n<meta property=\"article:modified_time\" content=\"2025-11-26T16:03:40+00:00\" \/>\n<meta name=\"twitter:card\" content=\"summary_large_image\" \/>\n<meta name=\"twitter:label1\" content=\"Becs\u00fclt olvas\u00e1si id\u0151\" \/>\n\t<meta name=\"twitter:data1\" content=\"7 perc\" \/>\n<script type=\"application\/ld+json\" class=\"yoast-schema-graph\">{\"@context\":\"https:\/\/schema.org\",\"@graph\":[{\"@type\":\"WebPage\",\"@id\":\"https:\/\/eclipseofthesun.hu\/\",\"url\":\"https:\/\/eclipseofthesun.hu\/\",\"name\":\"Az Eclipse of the Sun zenekar hivatalos oldala - Eclipse of the Sun\",\"isPartOf\":{\"@id\":\"https:\/\/eclipseofthesun.hu\/#website\"},\"datePublished\":\"2023-10-30T10:05:31+00:00\",\"dateModified\":\"2025-11-26T16:03:40+00:00\",\"breadcrumb\":{\"@id\":\"https:\/\/eclipseofthesun.hu\/#breadcrumb\"},\"inLanguage\":\"hu\",\"potentialAction\":[{\"@type\":\"ReadAction\",\"target\":[\"https:\/\/eclipseofthesun.hu\/\"]}]},{\"@type\":\"BreadcrumbList\",\"@id\":\"https:\/\/eclipseofthesun.hu\/#breadcrumb\",\"itemListElement\":[{\"@type\":\"ListItem\",\"position\":1,\"name\":\"Kezd\u0151lap\",\"item\":\"https:\/\/eclipseofthesun.hu\/\"},{\"@type\":\"ListItem\",\"position\":2,\"name\":\"Az Eclipse of the Sun zenekar hivatalos oldala\"}]},{\"@type\":\"WebSite\",\"@id\":\"https:\/\/eclipseofthesun.hu\/#website\",\"url\":\"https:\/\/eclipseofthesun.hu\/\",\"name\":\"Eclipse of the Sun\",\"description\":\"Official homepage\",\"publisher\":{\"@id\":\"https:\/\/eclipseofthesun.hu\/#organization\"},\"potentialAction\":[{\"@type\":\"SearchAction\",\"target\":{\"@type\":\"EntryPoint\",\"urlTemplate\":\"https:\/\/eclipseofthesun.hu\/?s={search_term_string}\"},\"query-input\":{\"@type\":\"PropertyValueSpecification\",\"valueRequired\":true,\"valueName\":\"search_term_string\"}}],\"inLanguage\":\"hu\"},{\"@type\":\"Organization\",\"@id\":\"https:\/\/eclipseofthesun.hu\/#organization\",\"name\":\"Eclipse of the Sun\",\"url\":\"https:\/\/eclipseofthesun.hu\/\",\"logo\":{\"@type\":\"ImageObject\",\"inLanguage\":\"hu\",\"@id\":\"https:\/\/eclipseofthesun.hu\/#\/schema\/logo\/image\/\",\"url\":\"http:\/\/eclipseofthesun.hu\/wp-content\/uploads\/2020\/07\/Eclipse-of-the-Sun-LOGO-black-Gismonda-FG.png\",\"contentUrl\":\"http:\/\/eclipseofthesun.hu\/wp-content\/uploads\/2020\/07\/Eclipse-of-the-Sun-LOGO-black-Gismonda-FG.png\",\"width\":3508,\"height\":707,\"caption\":\"Eclipse of the Sun\"},\"image\":{\"@id\":\"https:\/\/eclipseofthesun.hu\/#\/schema\/logo\/image\/\"},\"sameAs\":[\"https:\/\/www.facebook.com\/eclipseofthesunband\",\"https:\/\/www.instagram.com\/eclipseofthesun_official\/\"]}]}<\/script>\n<!-- \/ Yoast SEO plugin. -->","yoast_head_json":{"title":"Az Eclipse of the Sun zenekar hivatalos oldala - Eclipse of the Sun","robots":{"index":"index","follow":"follow","max-snippet":"max-snippet:-1","max-image-preview":"max-image-preview:large","max-video-preview":"max-video-preview:-1"},"canonical":"https:\/\/eclipseofthesun.hu\/hu_hu\/","og_locale":"hu_HU","og_type":"article","og_title":"Az Eclipse of the Sun zenekar hivatalos oldala - Eclipse of the Sun","og_description":"\u00dcdv\u00f6zl\u00fcnk az ECLIPSE OF THE SUN hivatalos oldal\u00e1n!","og_url":"https:\/\/eclipseofthesun.hu\/hu_hu\/","og_site_name":"Eclipse of the Sun","article_publisher":"https:\/\/www.facebook.com\/eclipseofthesunband","article_modified_time":"2025-11-26T16:03:40+00:00","twitter_card":"summary_large_image","twitter_misc":{"Becs\u00fclt olvas\u00e1si id\u0151":"7 perc"},"schema":{"@context":"https:\/\/schema.org","@graph":[{"@type":"WebPage","@id":"https:\/\/eclipseofthesun.hu\/","url":"https:\/\/eclipseofthesun.hu\/","name":"Az Eclipse of the Sun zenekar hivatalos oldala - Eclipse of the Sun","isPartOf":{"@id":"https:\/\/eclipseofthesun.hu\/#website"},"datePublished":"2023-10-30T10:05:31+00:00","dateModified":"2025-11-26T16:03:40+00:00","breadcrumb":{"@id":"https:\/\/eclipseofthesun.hu\/#breadcrumb"},"inLanguage":"hu","potentialAction":[{"@type":"ReadAction","target":["https:\/\/eclipseofthesun.hu\/"]}]},{"@type":"BreadcrumbList","@id":"https:\/\/eclipseofthesun.hu\/#breadcrumb","itemListElement":[{"@type":"ListItem","position":1,"name":"Kezd\u0151lap","item":"https:\/\/eclipseofthesun.hu\/"},{"@type":"ListItem","position":2,"name":"Az Eclipse of the Sun zenekar hivatalos oldala"}]},{"@type":"WebSite","@id":"https:\/\/eclipseofthesun.hu\/#website","url":"https:\/\/eclipseofthesun.hu\/","name":"Eclipse of the Sun","description":"Official homepage","publisher":{"@id":"https:\/\/eclipseofthesun.hu\/#organization"},"potentialAction":[{"@type":"SearchAction","target":{"@type":"EntryPoint","urlTemplate":"https:\/\/eclipseofthesun.hu\/?s={search_term_string}"},"query-input":{"@type":"PropertyValueSpecification","valueRequired":true,"valueName":"search_term_string"}}],"inLanguage":"hu"},{"@type":"Organization","@id":"https:\/\/eclipseofthesun.hu\/#organization","name":"Eclipse of the Sun","url":"https:\/\/eclipseofthesun.hu\/","logo":{"@type":"ImageObject","inLanguage":"hu","@id":"https:\/\/eclipseofthesun.hu\/#\/schema\/logo\/image\/","url":"http:\/\/eclipseofthesun.hu\/wp-content\/uploads\/2020\/07\/Eclipse-of-the-Sun-LOGO-black-Gismonda-FG.png","contentUrl":"http:\/\/eclipseofthesun.hu\/wp-content\/uploads\/2020\/07\/Eclipse-of-the-Sun-LOGO-black-Gismonda-FG.png","width":3508,"height":707,"caption":"Eclipse of the Sun"},"image":{"@id":"https:\/\/eclipseofthesun.hu\/#\/schema\/logo\/image\/"},"sameAs":["https:\/\/www.facebook.com\/eclipseofthesunband","https:\/\/www.instagram.com\/eclipseofthesun_official\/"]}]}},"_links":{"self":[{"href":"https:\/\/eclipseofthesun.hu\/hu_hu\/wp-json\/wp\/v2\/pages\/744","targetHints":{"allow":["GET"]}}],"collection":[{"href":"https:\/\/eclipseofthesun.hu\/hu_hu\/wp-json\/wp\/v2\/pages"}],"about":[{"href":"https:\/\/eclipseofthesun.hu\/hu_hu\/wp-json\/wp\/v2\/types\/page"}],"author":[{"embeddable":true,"href":"https:\/\/eclipseofthesun.hu\/hu_hu\/wp-json\/wp\/v2\/users\/1"}],"replies":[{"embeddable":true,"href":"https:\/\/eclipseofthesun.hu\/hu_hu\/wp-json\/wp\/v2\/comments?post=744"}],"version-history":[{"count":206,"href":"https:\/\/eclipseofthesun.hu\/hu_hu\/wp-json\/wp\/v2\/pages\/744\/revisions"}],"predecessor-version":[{"id":1789,"href":"https:\/\/eclipseofthesun.hu\/hu_hu\/wp-json\/wp\/v2\/pages\/744\/revisions\/1789"}],"wp:attachment":[{"href":"https:\/\/eclipseofthesun.hu\/hu_hu\/wp-json\/wp\/v2\/media?parent=744"}],"curies":[{"name":"wp","href":"https:\/\/api.w.org\/{rel}","templated":true}]}}